{"id":29,"date":"2021-02-16T14:34:46","date_gmt":"2021-02-16T14:34:46","guid":{"rendered":"http:\/\/cleanandsure.com.ar\/?page_id=29"},"modified":"2021-03-19T20:00:27","modified_gmt":"2021-03-19T20:00:27","slug":"quienes-somos","status":"publish","type":"page","link":"https:\/\/cleanandsure.com.ar\/quienes-somos","title":{"rendered":"Quienes somos?"},"content":{"rendered":"<figure><img decoding=\"async\" src=\"http:\/\/cleanandsure.com.ar\/wp-content\/uploads\/2021\/02\/bss-fondo-consultoria-software-1.jpg\" alt=\"bss-fondo-consultoria-software\" \/><\/figure>\n<figure><img decoding=\"async\" src=\"http:\/\/cleanandsure.com.ar\/wp-content\/uploads\/2021\/03\/qs1.jpg\" alt=\"qs1\" \/><\/figure>\n<figure><img decoding=\"async\" src=\"http:\/\/cleanandsure.com.ar\/wp-content\/uploads\/2021\/03\/qs2.jpg\" alt=\"qs2\" \/><\/figure>\n<figure><img decoding=\"async\" src=\"http:\/\/cleanandsure.com.ar\/wp-content\/uploads\/2021\/03\/qs3.jpg\" alt=\"qs3\" \/><\/figure>\n<figure><img decoding=\"async\" src=\"http:\/\/cleanandsure.com.ar\/wp-content\/uploads\/2021\/03\/qs4.jpg\" alt=\"qs4\" \/><\/figure>\n<p>\t\t\t\t\t\tAnterior<br \/>\n\t\t\t\t\t\tSiguiente<\/p>\n<h5>Hacia fines de la d\u00e9cada del \u201980, surge en la Argentina un \u201cnuevo criterio<br \/>de empresa\u201d, cuya pol\u00edtica se basa en el conocimiento profundo de los<br \/>procesos, como \u00fanico medio de supervivencia.<br \/>CLEAN &amp; SURE S.R.L. nace a la luz de esta demanda perfil\u00e1ndose como<br \/>\u201cConsultora de Servicios Tecnol\u00f3gicos para Empresas\u201d.<br \/>Sostiene un desarrollo continuo, basado en la responsabilidad, seriedad y<br \/>buena comunicaci\u00f3n en el equipo de trabajo.<br \/>Descansa en un plantel de profesionales altamente calificado, con<br \/>desempe\u00f1o sin\u00e9rgico.<br \/>Se nutre de la detecci\u00f3n de nuevas oportunidades de servicios y toma con<br \/>pasi\u00f3n estos nuevos desaf\u00edos.<br \/>Apunta a potenciar los resultados obtenidos en aras de ofrecer servicios<br \/>externos de excelencia.<br \/>Gracias por confiar en nosotros<\/h5>\n<h2>Algunos Hitos del Camino<\/h2>\n<h4><strong>Instructores en<\/strong><\/h4>\n<ul>\n<li>MINISTERIO DE SALUD \u2013 ANMAT- INAME<\/li>\n<\/ul>\n<p>\u00a0 \u00a0 \u00a0 \u00a0 \u00a0 \u00a0\u201cCURSO DE CAPACITACI\u00d3N CONJUNTA DE INSPECTORES EN BUENAS PRACTICAS DE MANUFACTURA Y CONTROL DE MEDICAMENTOS\u201d FASE l \u2013 MERCOSUR.<\/p>\n<p><a href=\"http:\/\/cleanandsure.com.ar\/wp-content\/uploads\/2021\/03\/INAME.png\"><img loading=\"lazy\" decoding=\"async\" src=\"http:\/\/cleanandsure.com.ar\/wp-content\/uploads\/2021\/03\/INAME-300x209.png\" alt=\"\" width=\"300\" height=\"209\" \/><\/a><\/p>\n<h4><strong>Disertantes en<\/strong><\/h4>\n<ul>\n<li>ETIF &#8211; Exposici\u00f3n de Tecnolog\u00eda Industrial Farmac\u00e9utica \u2013<\/li>\n<\/ul>\n<p style=\"padding-left: 40px;\">\u201cCALIFICACION DE EQUIPAMIENTO, AREAS E INSTALACIONES\u201d<\/p>\n<p style=\"padding-left: 40px;\">\u201cVALIDACION DE PROCESOS DE ENVASAMIENTO ESTERIL\u201d<\/p>\n<p style=\"padding-left: 40px;\">\u201cAUDITORIAS A PROVEEDORES\u201d<\/p>\n<ul>\n<li>CADEA \u2013 C\u00e1mara Argentina de Aerosoles-<\/li>\n<\/ul>\n<p style=\"padding-left: 40px;\">\u201cCALIFICACION DE EQUIPAMIENTOS\u201d<\/p>\n<ul>\n<li>SAFYBI- Sociedad Argentina de Farmacia y Bioqu\u00edmica Industrial.<\/li>\n<\/ul>\n<p style=\"padding-left: 40px;\">\u201cCALIFICACIONES Y VALIDACIONES\u201d<\/p>\n<ul>\n<li>MM \u2013 Municipalidad de La Matanza<\/li>\n<\/ul>\n<p style=\"padding-left: 40px;\">\u201cBUENAS PRACTICAS DE FABRICACION\u201d<\/p>\n<p style=\"padding-left: 40px;\">\u201cBUENAS PRACTICAS DE DOCUMENTACION\u201d<\/p>\n<h4><strong>Responsables en transferencia de tecnolog\u00eda \u2013 KNOW-HOW de:<\/strong><\/h4>\n<ul>\n<li>PROYECTO DE JERINGAS PRELLENADAS (EEUU-ARG)<\/li>\n<li>PROYECTO PLANTA VACUNA ANTIAFTOSA (ARG-KENIA)<\/li>\n<\/ul>\n","protected":false},"excerpt":{"rendered":"<p>Anterior Siguiente Hacia fines de la d\u00e9cada del \u201980, surge en la Argentina un \u201cnuevo criteriode empresa\u201d, cuya pol\u00edtica se basa en el conocimiento profundo de losprocesos, como \u00fanico medio de supervivencia.CLEAN &amp; SURE S.R.L. nace a la luz de esta demanda perfil\u00e1ndose como\u201cConsultora de Servicios Tecnol\u00f3gicos para Empresas\u201d.Sostiene un desarrollo continuo, basado en la &hellip;<\/p>\n<p class=\"read-more\"> <a class=\"\" href=\"https:\/\/cleanandsure.com.ar\/quienes-somos\"> <span class=\"screen-reader-text\">Quienes somos?<\/span> Read More &raquo;<\/a><\/p>\n","protected":false},"author":1,"featured_media":0,"parent":0,"menu_order":0,"comment_status":"closed","ping_status":"closed","template":"","meta":{"footnotes":""},"class_list":["post-29","page","type-page","status-publish","hentry"],"_links":{"self":[{"href":"https:\/\/cleanandsure.com.ar\/wp-json\/wp\/v2\/pages\/29","targetHints":{"allow":["GET"]}}],"collection":[{"href":"https:\/\/cleanandsure.com.ar\/wp-json\/wp\/v2\/pages"}],"about":[{"href":"https:\/\/cleanandsure.com.ar\/wp-json\/wp\/v2\/types\/page"}],"author":[{"embeddable":true,"href":"https:\/\/cleanandsure.com.ar\/wp-json\/wp\/v2\/users\/1"}],"replies":[{"embeddable":true,"href":"https:\/\/cleanandsure.com.ar\/wp-json\/wp\/v2\/comments?post=29"}],"version-history":[{"count":23,"href":"https:\/\/cleanandsure.com.ar\/wp-json\/wp\/v2\/pages\/29\/revisions"}],"predecessor-version":[{"id":265,"href":"https:\/\/cleanandsure.com.ar\/wp-json\/wp\/v2\/pages\/29\/revisions\/265"}],"wp:attachment":[{"href":"https:\/\/cleanandsure.com.ar\/wp-json\/wp\/v2\/media?parent=29"}],"curies":[{"name":"wp","href":"https:\/\/api.w.org\/{rel}","templated":true}]}}